{"id":508,"date":"2017-12-15T11:58:11","date_gmt":"2017-12-15T10:58:11","guid":{"rendered":"http:\/\/www.hotelsangiuliano.com\/emplacement\/"},"modified":"2017-12-15T11:58:12","modified_gmt":"2017-12-15T10:58:12","slug":"emplacement","status":"publish","type":"page","link":"https:\/\/www.hotelsangiuliano.com\/fr\/emplacement\/","title":{"rendered":"Emplacement"},"content":{"rendered":"<p>[vc_row full_width=\u00a0\u00bbstretch_row_content_no_spaces\u00a0\u00bb][vc_column][vc_column_text]<div id=\"wpgmza_map\" class=\"wpgmza_map\" data-settings='{\"id\":\"1\",\"map_title\":\"My first map\",\"map_width\":\"100\",\"map_height\":\"700\",\"map_start_lat\":\"45.484087\",\"map_start_lng\":\"12.254047\",\"map_start_location\":\"45.48408704413646,12.254047393798828\",\"map_start_zoom\":\"13\",\"default_marker\":\"0\",\"type\":\"1\",\"alignment\":\"2\",\"directions_enabled\":\"1\",\"styling_enabled\":\"0\",\"styling_json\":\"\",\"active\":\"0\",\"kml\":\"\",\"bicycle\":\"0\",\"traffic\":\"0\",\"dbox\":\"1\",\"dbox_width\":\"100\",\"listmarkers\":\"0\",\"listmarkers_advanced\":\"0\",\"filterbycat\":\"0\",\"ugm_enabled\":\"0\",\"ugm_category_enabled\":\"0\",\"fusion\":\"\",\"map_width_type\":\"\\\\%\",\"map_height_type\":\"px\",\"mass_marker_support\":\"1\",\"ugm_access\":\"0\",\"order_markers_by\":\"1\",\"order_markers_choice\":\"2\",\"show_user_location\":\"0\",\"default_to\":\"\",\"other_settings\":{\"store_locator_enabled\":2,\"store_locator_distance\":2,\"store_locator_bounce\":1,\"store_locator_query_string\":\"CAP \\\/ Indirizzo:\",\"store_locator_default_address\":\"\",\"wpgmza_store_locator_restrict\":\"\",\"map_max_zoom\":\"1\",\"transport_layer\":0,\"wpgmza_theme_data\":\"[ { \\\\\\\"featureType\\\\\\\": \\\\\\\"poi\\\\\\\", \\\\\\\"stylers\\\\\\\": [ { \\\\\\\"visibility\\\\\\\": \\\\\\\"off\\\\\\\" } ] } ]\"}}' data-map-id='1' Data-maps-engine='' data-shortcode-attributes='{\"id\":\"1\"}' style=\"display:block; overflow:auto; width:100%; height:700px; float:left;\"><\/div>[\/vc_column_text][\/vc_column][\/vc_row][vc_row css=\u00a0\u00bb.vc_custom_1495120711675{padding-top: 40px !important;padding-bottom: 40px !important;}\u00a0\u00bb][vc_column width=\u00a0\u00bb2\/3&Prime;][vc_column_text]<\/p>\n<h2>Comment nous rejoindre<\/h2>\n<p>[\/vc_column_text][vc_empty_space][vc_column_text]<\/p>\n<h3>Se volete raggiungerci al volo&#8230;<\/h3>\n<p><strong>Dall\u2019aeroporto di Tessera &#8211; Marco Polo di Venezia<\/strong>, prendete il bus ATVO in direzione Venezia e scendete in via Forte Marghera, la fermata \u00e8 praticamente di fianco all\u2019hotel. Se preferite l\u2019auto, usciti dall\u2019aeroporto percorrete viale G.Galilei e girate a sinistra lungo la statale di via Orlanda. Proseguite sempre dritti seguendo le indicazioni stradali per Venezia fino al cavalcavia di San Giuliano. Qui girate a destra seguendo le indicazioni per Mestre. Dopo aver attraversato il cavalcavia sopra la linea ferroviaria, percorrete tutto corso del Popolo e svoltate a destra in via Forte Marghera in direzione Venezia. Hotel San Giuliano \u00e8 al 193\/A.<\/p>\n<p><strong>L\u2019aeroporto di Treviso<\/strong> La linea 6 collega in 15-20 minuti la Stazione Ferroviaria di Treviso (fermata De Gasperi) all&rsquo;Aeroporto Civile (fermata in via Noalese all&rsquo;uscita dell&rsquo;Aeroporto). Una volta in stazione, prendete semplicemente un treno per Venezia e scendete a Mestre.<\/p>\n<p>Mestre \u00e8 inoltre collegata direttamente all&rsquo;aeroporto dai seguenti autobus di linea:<\/p>\n<p><strong>ATVO EUROBUS SERVICE &#8211; RYANAIR<\/strong><\/p>\n<p><strong>ATVO EUROBUS SERVICE &#8211; TRANSAVIA<\/strong>[\/vc_column_text][vc_empty_space][vc_column_text]<\/p>\n<h3>In caso di traffico, venite in treno!<\/h3>\n<p>Dal momento che via Forte Marghera \u00e8 ben servita da strategiche linee urbane di autobus, vi consigliamo di prendere il nr.9 che vi porta, praticamente \u201cporta a porta\u201d, dalla stazione dei treni di Venezia-Mestre all\u2019 hotel San Giuliano.[\/vc_column_text][vc_empty_space][vc_column_text]<\/p>\n<h3>In auto, per la massima autonomia!<\/h3>\n<p>Hotel San Giuliano \u00e8 comodamente raggiungibile dall\u2019autostrada A4 Milano-Venezia: uscite a Venezia e seguite le indicazioni per Mestre-centro. Percorrete fino in fondo il grande ed alberato Corso del Popolo, poi prendete via Forte Marghera in direzione Venezia. Hotel San Giuliano vi aspetta sempre al 193\/A.[\/vc_column_text][\/vc_column][vc_column width=\u00a0\u00bb1\/3&Prime;][vc_row_inner css=\u00a0\u00bb.vc_custom_1495041844379{padding-top: 50px !important;padding-right: 40px !important;padding-bottom: 50px !important;padding-left: 40px !important;background-color: #ededed !important;}\u00a0\u00bb][vc_column_inner][vc_column_text]<\/p>\n<h3 style=\"text-align: center;\">VENISE<\/h3>\n<p style=\"text-align: center;\"> Que votre visite soit de nature culturelle, historique, sportive ou touristique, qu\u2019elle soit motiv\u00e9e par la curiosit\u00e9, l&rsquo;envie de se relaxer ou par l\u2019une des milles et une autres raisons envisageables, ce n\u2019est qu\u2019en abordant cette ville avec douceur et respect que vous pourrez l\u2019aimer et l\u2019appr\u00e9cier.<\/p>\n<p>[\/vc_column_text][\/vc_column_inner][\/vc_row_inner][vc_empty_space][vc_row_inner css=\u00a0\u00bb.vc_custom_1495041844379{padding-top: 50px !important;padding-right: 40px !important;padding-bottom: 50px !important;padding-left: 40px !important;background-color: #ededed !important;}\u00a0\u00bb][vc_column_inner][vc_column_text]<\/p>\n<h3 style=\"text-align: center;\">MESTRE<\/h3>\n<p style=\"text-align: center;\"> Mestre offre un grand choix de magasins attrayants, de cin\u00e9mas, de pizzerias et de restaurants. Le centre-ville est un endroit id\u00e9al pour une longue promenade entre amis et pour d\u00e9guster une merveilleuse glace ou l\u2019immanquable spritz qui font la fiert\u00e9 de notre contr\u00e9e. Un march\u00e9 typique s\u2019y tient tous les mercredis et les vendredis.<\/p>\n<p>[\/vc_column_text][\/vc_column_inner][\/vc_row_inner][vc_empty_space][vc_row_inner css=\u00a0\u00bb.vc_custom_1495041844379{padding-top: 50px !important;padding-right: 40px !important;padding-bottom: 50px !important;padding-left: 40px !important;background-color: #ededed !important;}\u00a0\u00bb][vc_column_inner][vc_column_text]<\/p>\n<h3 style=\"text-align: center;\">PARC SAN GIULIANO<\/h3>\n<p style=\"text-align: center;\"> Ce parc se distingue par sa grande \u00e9tendue et certains endroits c\u00f4toyant la lagune offrent une vue panoramique particuli\u00e8re sur Venise. On y distingue clairement la ville et ses clochers, un spectacle unique qui s\u2019encadre gracieusement dans le vert du parc\u00a0!  Le parc accueille de nombreux \u00e9v\u00e9nements et il est appr\u00e9ci\u00e9 pour les promenades ou les activit\u00e9s sportives, les enfants peuvent y jouer \u00e0 loisir et on peut y louer gratuitement des v\u00e9los pour en faire le tour complet. Aucun doute, ce parc m\u00e9rite un d\u00e9tour.<\/p>\n<p>[\/vc_column_text][\/vc_column_inner][\/vc_row_inner][\/vc_column][\/vc_row]<\/p>\n","protected":false},"excerpt":{"rendered":"<p>[vc_row full_width=\u00a0\u00bbstretch_row_content_no_spaces\u00a0\u00bb][vc_column][vc_column_text][\/vc_column_text][\/vc_column][\/vc_row][vc_row css=\u00a0\u00bb.vc_custom_1495120711675{padding-top: 40px !important;padding-bottom: 40px !important;}\u00a0\u00bb][vc_column width=\u00a0\u00bb2\/3&Prime;][vc_column_text] Comment nous rejoindre [\/vc_column_text][vc_empty_space][vc_column_text] Se volete raggiungerci al volo&#8230; Dall\u2019aeroporto di Tessera &#8211; Marco Polo di Venezia, prendete il bus ATVO in direzione Venezia e scendete in via Forte Marghera, la fermata \u00e8 praticamente di fianco all\u2019hotel. Se preferite l\u2019auto, usciti dall\u2019aeroporto percorrete viale G.Galilei e girate [&hellip;]<\/p>\n","protected":false},"author":1,"featured_media":0,"parent":0,"menu_order":0,"comment_status":"closed","ping_status":"closed","template":"","meta":[],"_links":{"self":[{"href":"https:\/\/www.hotelsangiuliano.com\/fr\/wp-json\/wp\/v2\/pages\/508"}],"collection":[{"href":"https:\/\/www.hotelsangiuliano.com\/fr\/wp-json\/wp\/v2\/pages"}],"about":[{"href":"https:\/\/www.hotelsangiuliano.com\/fr\/wp-json\/wp\/v2\/types\/page"}],"author":[{"embeddable":true,"href":"https:\/\/www.hotelsangiuliano.com\/fr\/wp-json\/wp\/v2\/users\/1"}],"replies":[{"embeddable":true,"href":"https:\/\/www.hotelsangiuliano.com\/fr\/wp-json\/wp\/v2\/comments?post=508"}],"version-history":[{"count":5,"href":"https:\/\/www.hotelsangiuliano.com\/fr\/wp-json\/wp\/v2\/pages\/508\/revisions"}],"predecessor-version":[{"id":513,"href":"https:\/\/www.hotelsangiuliano.com\/fr\/wp-json\/wp\/v2\/pages\/508\/revisions\/513"}],"wp:attachment":[{"href":"https:\/\/www.hotelsangiuliano.com\/fr\/wp-json\/wp\/v2\/media?parent=508"}],"curies":[{"name":"wp","href":"https:\/\/api.w.org\/{rel}","templated":true}]}}