{"id":474,"date":"2017-12-15T11:57:22","date_gmt":"2017-12-15T10:57:22","guid":{"rendered":"http:\/\/www.hotelsangiuliano.com\/chambres\/"},"modified":"2017-12-15T11:57:23","modified_gmt":"2017-12-15T10:57:23","slug":"chambres","status":"publish","type":"page","link":"https:\/\/www.hotelsangiuliano.com\/fr\/chambres\/","title":{"rendered":"Chambres"},"content":{"rendered":"<p>[vc_row][vc_column][vc_column_text]Les chambres sont r\u00e9parties en deux cat\u00e9gories, \u00c9conomie et \u00c9l\u00e9gance. Les chambres \u00c9l\u00e9gance ont toutes \u00e9t\u00e9 r\u00e9nov\u00e9es avec de nouvelles salles de bains et un mobilier minimaliste moderne. Les chambres de la cat\u00e9gorie \u00c9conomie doivent encore \u00eatre r\u00e9nov\u00e9es et le mobilier et les salles de bains sont dans le style des ann\u00e9es 80, mais n\u00e9anmoins fonctionnels et confortables.[\/vc_column_text][vc_empty_space][vc_row_inner][vc_column_inner width=\u00a0\u00bb1\/3&Prime;][vc_gallery type=\u00a0\u00bbnivo\u00a0\u00bb interval=\u00a0\u00bb0&Prime; images=\u00a0\u00bb84,92,90,91&Prime; img_size=\u00a0\u00bb350&#215;230&Prime;][vc_column_text]<\/p>\n<p style=\"text-align: center;\"><strong> CHAMBRE POUR UNE PERSONNE <\/strong><\/p>\n<p style=\"text-align: center;\"> La chambre pour une personne est \u00e9quip\u00e9e d\u2019un lit une place, ou bien, sur demande et selon disponibilit\u00e9, d\u2019un lit \u00e0 une place large, avec armoire, bureau et chaise, salle de bains avec douche et s\u00e8che-cheveux. Fen\u00eatre sur le parking. <\/p>\n<p>[\/vc_column_text][vc_empty_space height=\u00a0\u00bb40px\u00a0\u00bb][\/vc_column_inner][vc_column_inner width=\u00a0\u00bb1\/3&Prime;][vc_gallery type=\u00a0\u00bbnivo\u00a0\u00bb interval=\u00a0\u00bb0&Prime; images=\u00a0\u00bb81,82,96,381,382&Prime; img_size=\u00a0\u00bb350&#215;230&Prime;][vc_column_text]<\/p>\n<p style=\"text-align: center;\"><strong> CHAMBRE \u00c9CONOMIE DOUBLE OU MATRIMONIALE <\/strong><\/p>\n<p style=\"text-align: center;\"> La chambre est d\u00e9cor\u00e9e dans le style des ann\u00e9es 80. Elle est \u00e9quip\u00e9e d&rsquo;un lit \u00e0 deux places ou de lits jumeaux (\u00e0 demander au moment de la r\u00e9servation), armoire, bureau et chaise, porte-bagages, salle de bains avec douche et s\u00e8che-cheveux. Fen\u00eatre donnant sur l\u2019arri\u00e8re ou sur le parking.<\/p>\n<p>[\/vc_column_text][vc_empty_space height=\u00a0\u00bb40px\u00a0\u00bb][\/vc_column_inner][vc_column_inner width=\u00a0\u00bb1\/3&Prime;][vc_gallery type=\u00a0\u00bbnivo\u00a0\u00bb interval=\u00a0\u00bb0&Prime; images=\u00a0\u00bb76,78,79,98,99,102&Prime; img_size=\u00a0\u00bb350&#215;230&Prime;][vc_column_text]<\/p>\n<p style=\"text-align: center;\"><strong> CHAMBRE \u00c9L\u00c9GANCE DOUBLE OU MATRIMONIALE <\/strong><\/p>\n<p style=\"text-align: center;\"> La chambre est d\u00e9cor\u00e9e dans le style minimaliste moderne. Elle est \u00e9quip\u00e9e d&rsquo;un lit \u00e0 deux places ou de lits jumeaux (\u00e0 demander au moment de la r\u00e9servation), armoire, bureau et chaise, porte-bagages, salle de bains avec douche et s\u00e8che-cheveux. Fen\u00eatre en fa\u00e7ade donnant sur le canal ou lat\u00e9rale ou sur l\u2019arri\u00e8re (sur demande et selon disponibilit\u00e9). <\/p>\n<p>[\/vc_column_text][vc_empty_space height=\u00a0\u00bb40px\u00a0\u00bb][\/vc_column_inner][\/vc_row_inner][vc_row_inner][vc_column_inner width=\u00a0\u00bb1\/3&Prime;][vc_gallery type=\u00a0\u00bbnivo\u00a0\u00bb interval=\u00a0\u00bb0&Prime; images=\u00a0\u00bb32,95,94&Prime; img_size=\u00a0\u00bb350&#215;230&Prime;][vc_column_text]<\/p>\n<p style=\"text-align: center;\"><strong> CHAMBRE TRIPLE \u00c9CONOMIE <\/strong><\/p>\n<p style=\"text-align: center;\"> La chambre est d\u00e9cor\u00e9e dans le style des ann\u00e9es 80. Elle est \u00e9quip\u00e9e d&rsquo;un lit \u00e0 deux places et d\u2019un lit \u00e0 une place ou de trois lits \u00e0 une place (\u00e0 demander au moment de la r\u00e9servation), armoire, bureau et chaise, porte-bagages, salle de bains avec douche et s\u00e8che-cheveux. Fen\u00eatre donnant sur l\u2019arri\u00e8re ou sur le parking. <\/p>\n<p>[\/vc_column_text][vc_empty_space height=\u00a0\u00bb40px\u00a0\u00bb][\/vc_column_inner][vc_column_inner width=\u00a0\u00bb1\/3&Prime;][vc_gallery type=\u00a0\u00bbnivo\u00a0\u00bb interval=\u00a0\u00bb0&Prime; images=\u00a0\u00bb88,89,383&Prime; img_size=\u00a0\u00bb350&#215;230&Prime;][vc_column_text]<\/p>\n<p style=\"text-align: center;\"><strong> CHAMBRE TRIPLE \u00c9L\u00c9GANCE <\/strong><\/p>\n<p style=\"text-align: center;\">La chambre est d\u00e9cor\u00e9e dans le style minimaliste moderne. Elle est \u00e9quip\u00e9e d&rsquo;un lit \u00e0 deux places et d\u2019un lit \u00e0 une place ou de trois lits \u00e0 une place (\u00e0 demander au moment de la r\u00e9servation), armoire, bureau et chaise, porte-bagages, salle de bains avec douche et s\u00e8che-cheveux. Fen\u00eatre lat\u00e9rale ou sur l\u2019arri\u00e8re (sur demande et selon disponibilit\u00e9).<\/p>\n<p>[\/vc_column_text][vc_empty_space height=\u00a0\u00bb40px\u00a0\u00bb][\/vc_column_inner][vc_column_inner width=\u00a0\u00bb1\/3&Prime;][vc_gallery type=\u00a0\u00bbnivo\u00a0\u00bb interval=\u00a0\u00bb0&Prime; images=\u00a0\u00bb23,24,25,29&Prime; img_size=\u00a0\u00bb350&#215;230&Prime;][vc_column_text]<\/p>\n<p style=\"text-align: center;\"><strong> CHAMBRE QUADRUPLE \u00c9L\u00c9GANCE <\/strong><\/p>\n<p style=\"text-align: center;\"> La chambre est d\u00e9cor\u00e9e dans le style minimaliste moderne. Elle est \u00e9quip\u00e9e d&rsquo;un lit \u00e0 deux places et de deux lits \u00e0 une place ou de quatre lits \u00e0 une place (\u00e0 demander au moment de la r\u00e9servation), armoire, bureau et chaise, porte-bagages, salle de bains avec douche et s\u00e8che-cheveux. Fen\u00eatre c\u00f4t\u00e9 rue. <\/p>\n<p>[\/vc_column_text][vc_empty_space height=\u00a0\u00bb40px\u00a0\u00bb][\/vc_column_inner][\/vc_row_inner][vc_row_inner css=\u00a0\u00bb.vc_custom_1512475201396{padding-top: 60px !important;padding-right: 40px !important;padding-bottom: 60px !important;padding-left: 40px !important;background: #ededed url(https:\/\/www.hotelsangiuliano.com\/wp-content\/uploads\/2017\/05\/gplaypattern.png?id=378) !important;}\u00a0\u00bb][vc_column_inner][vc_column_text]<\/p>\n<h3 style=\"text-align: center;\">Servizi delle Camere<\/h3>\n<p style=\"text-align: center;\">Non fumatori\/fumatori<br \/>\nTelefono diretto<br \/>\nTV Sat<br \/>\nServizio custodia valori<br \/>\nAria condizionata e riscaldamento<br \/>\nDoccia<br \/>\nAsciugacapelli<\/p>\n<p>[\/vc_column_text][\/vc_column_inner][\/vc_row_inner][\/vc_column][\/vc_row]<\/p>\n","protected":false},"excerpt":{"rendered":"<p>[vc_row][vc_column][vc_column_text]Les chambres sont r\u00e9parties en deux cat\u00e9gories, \u00c9conomie et \u00c9l\u00e9gance. Les chambres \u00c9l\u00e9gance ont toutes \u00e9t\u00e9 r\u00e9nov\u00e9es avec de nouvelles salles de bains et un mobilier minimaliste moderne. Les chambres de la cat\u00e9gorie \u00c9conomie doivent encore \u00eatre r\u00e9nov\u00e9es et le mobilier et les salles de bains sont dans le style des ann\u00e9es 80, mais n\u00e9anmoins [&hellip;]<\/p>\n","protected":false},"author":1,"featured_media":0,"parent":0,"menu_order":0,"comment_status":"closed","ping_status":"closed","template":"","meta":[],"_links":{"self":[{"href":"https:\/\/www.hotelsangiuliano.com\/fr\/wp-json\/wp\/v2\/pages\/474"}],"collection":[{"href":"https:\/\/www.hotelsangiuliano.com\/fr\/wp-json\/wp\/v2\/pages"}],"about":[{"href":"https:\/\/www.hotelsangiuliano.com\/fr\/wp-json\/wp\/v2\/types\/page"}],"author":[{"embeddable":true,"href":"https:\/\/www.hotelsangiuliano.com\/fr\/wp-json\/wp\/v2\/users\/1"}],"replies":[{"embeddable":true,"href":"https:\/\/www.hotelsangiuliano.com\/fr\/wp-json\/wp\/v2\/comments?post=474"}],"version-history":[{"count":7,"href":"https:\/\/www.hotelsangiuliano.com\/fr\/wp-json\/wp\/v2\/pages\/474\/revisions"}],"predecessor-version":[{"id":481,"href":"https:\/\/www.hotelsangiuliano.com\/fr\/wp-json\/wp\/v2\/pages\/474\/revisions\/481"}],"wp:attachment":[{"href":"https:\/\/www.hotelsangiuliano.com\/fr\/wp-json\/wp\/v2\/media?parent=474"}],"curies":[{"name":"wp","href":"https:\/\/api.w.org\/{rel}","templated":true}]}}