{"id":420,"date":"2017-12-06T12:36:27","date_gmt":"2017-12-06T11:36:27","guid":{"rendered":"http:\/\/www.hotelsangiuliano.com\/info\/"},"modified":"2025-05-21T16:45:14","modified_gmt":"2025-05-21T14:45:14","slug":"info","status":"publish","type":"page","link":"https:\/\/www.hotelsangiuliano.com\/fr\/info\/","title":{"rendered":"Info"},"content":{"rendered":"<p>[vc_row][vc_column width=\u00a0\u00bb2\/3&Prime;][vc_column_text]<\/p>\n<h3>ARRIV\u00c9E \/ D\u00c9PART<\/h3>\n<p>\u00c0 l\u2019arriv\u00e9e les chambres sont disponibles \u00e0 partir de 14h00. Une consigne gratuite est disponible pour que les clients arrivant plus t\u00f4t puissent d\u00e9poser leurs bagages et revenir ult\u00e9rieurement prendre leur cl\u00e9. Si la chambre est pr\u00eate avant 14h00, le client pourra l\u2019utiliser d\u00e9s qu\u2019elle est disponible sans aucun suppl\u00e9ment pour la mise \u00e0 disposition anticip\u00e9e.<br \/>\nLe jour du d\u00e9part la chambre doit \u00eatre rendue avant 11h00. Les bagages pourront gratuitement \u00eatre d\u00e9pos\u00e9s \u00e0 la consigne pour \u00eatre r\u00e9cup\u00e9r\u00e9s dans l\u2019apr\u00e8s-midi ou en soir\u00e9e.<\/p>\n<p>Taxe de s\u00e9jour ville de Venise &#8211; 2,40 \u20ac pp \u2013 Info\u00a0: www.comune.venezia.it[\/vc_column_text][vc_separator css=\u00a0\u00bb.vc_custom_1511800529013{margin-top: 30px !important;margin-bottom: 30px !important;}\u00a0\u00bb][vc_column_text]<\/p>\n<h3>PARKING<\/h3>\n<p>Notre h\u00f4tel dispose d&rsquo;un petit parking d&rsquo;environ 10 places non r\u00e9servables. \u00c0 votre arriv\u00e9e, vous pouvez l&rsquo;utiliser gratuitement, sous r\u00e9serve de disponibilit\u00e9, en vous adressant au personnel de la r\u00e9ception qui vous indiquera o\u00f9 vous pouvez laisser votre voiture.<\/p>\n<p>Les parkings publics situ\u00e9s le long de la rue (lignes bleues) sont gratuits de 20h00 \u00e0 08h00 tous les jours, les dimanches et les jours f\u00e9ri\u00e9s.[\/vc_column_text][\/vc_column][vc_column width=\u00a0\u00bb1\/3&Prime;][vc_row_inner css=\u00a0\u00bb.vc_custom_1495041955321{padding-top: 50px !important;padding-right: 40px !important;padding-bottom: 50px !important;padding-left: 40px !important;background-color: #ededed !important;}\u00a0\u00bb][vc_column_inner][vc_column_text]<\/p>\n<h3 style=\"text-align: center;\">AUTRES SERVICES<\/h3>\n<p style=\"text-align: center;\">Wi-Fi gratuit<br \/>\nt\u00e9l\u00e9viseurs LCD (cha\u00eenes italiennes)<br \/>\nsalle de bains avec douche et s\u00e8che-cheveux<br \/>\nchauffage autonome<br \/>\nclimatisation<br \/>\nbar ouvert 24h\/24<br \/>\nr\u00e9ception ouverte 24h\/24<br \/>\npetit d\u00e9jeuner \u00e0 buffet de 7h00 \u00e0 10h00<br \/>\npetit d\u00e9jeuner anticip\u00e9 au bar (sur demande)<br \/>\nvente des billets pour les transports en commun ACTV<br \/>\nplan de Venise<\/p>\n<p>[\/vc_column_text][\/vc_column_inner][\/vc_row_inner][\/vc_column][\/vc_row][vc_row][vc_column][vc_media_grid element_width=\u00a0\u00bb3&Prime; grid_id=\u00a0\u00bbvc_gid:1747838659288-491f526d-cceb-2&Prime; include=\u00a0\u00bb302,301,300,299&Prime; css=\u00a0\u00bb.vc_custom_1495120309490{padding-top: 50px !important;padding-bottom: 50px !important;}\u00a0\u00bb][\/vc_column][\/vc_row]<\/p>\n","protected":false},"excerpt":{"rendered":"<p>[vc_row][vc_column width=\u00a0\u00bb2\/3&Prime;][vc_column_text] ARRIV\u00c9E \/ D\u00c9PART \u00c0 l\u2019arriv\u00e9e les chambres sont disponibles \u00e0 partir de 14h00. Une consigne gratuite est disponible pour que les clients arrivant plus t\u00f4t puissent d\u00e9poser leurs bagages et revenir ult\u00e9rieurement prendre leur cl\u00e9. Si la chambre est pr\u00eate avant 14h00, le client pourra l\u2019utiliser d\u00e9s qu\u2019elle est disponible sans aucun suppl\u00e9ment [&hellip;]<\/p>\n","protected":false},"author":1,"featured_media":0,"parent":0,"menu_order":0,"comment_status":"closed","ping_status":"closed","template":"","meta":[],"_links":{"self":[{"href":"https:\/\/www.hotelsangiuliano.com\/fr\/wp-json\/wp\/v2\/pages\/420"}],"collection":[{"href":"https:\/\/www.hotelsangiuliano.com\/fr\/wp-json\/wp\/v2\/pages"}],"about":[{"href":"https:\/\/www.hotelsangiuliano.com\/fr\/wp-json\/wp\/v2\/types\/page"}],"author":[{"embeddable":true,"href":"https:\/\/www.hotelsangiuliano.com\/fr\/wp-json\/wp\/v2\/users\/1"}],"replies":[{"embeddable":true,"href":"https:\/\/www.hotelsangiuliano.com\/fr\/wp-json\/wp\/v2\/comments?post=420"}],"version-history":[{"count":4,"href":"https:\/\/www.hotelsangiuliano.com\/fr\/wp-json\/wp\/v2\/pages\/420\/revisions"}],"predecessor-version":[{"id":2051,"href":"https:\/\/www.hotelsangiuliano.com\/fr\/wp-json\/wp\/v2\/pages\/420\/revisions\/2051"}],"wp:attachment":[{"href":"https:\/\/www.hotelsangiuliano.com\/fr\/wp-json\/wp\/v2\/media?parent=420"}],"curies":[{"name":"wp","href":"https:\/\/api.w.org\/{rel}","templated":true}]}}