{"id":417,"date":"2017-12-06T12:34:09","date_gmt":"2017-12-06T11:34:09","guid":{"rendered":"http:\/\/www.hotelsangiuliano.com\/accueil\/"},"modified":"2017-12-06T15:53:20","modified_gmt":"2017-12-06T14:53:20","slug":"accueil","status":"publish","type":"page","link":"https:\/\/www.hotelsangiuliano.com\/fr\/","title":{"rendered":"Accueil"},"content":{"rendered":"<p>[vc_row full_width=\u00a0\u00bbstretch_row_content\u00a0\u00bb][vc_column][rev_slider_vc alias=\u00a0\u00bbslider-home-fr\u00a0\u00bb][\/vc_column][\/vc_row][vc_row css=\u00a0\u00bb.vc_custom_1495041316596{padding-top: 40px !important;padding-bottom: 40px !important;}\u00a0\u00bb][vc_column width=\u00a0\u00bb2\/3&Prime;][vc_column_text]<\/p>\n<h2>Bienvenus!<\/h2>\n<p>[\/vc_column_text][vc_empty_space][vc_column_text]L&rsquo;h\u00f4tel, r\u00e9nov\u00e9 en 2014, plonge ses racines dans la tradition et se renouvelle constamment. Nous sommes \u00e0 Mestre, \u00e0 1 km de la place principale, bien desservis par les transports en commun dans toutes les directions\u00a0: Venise, gare ferroviaire, gare routi\u00e8re, a\u00e9roport Marco Polo et a\u00e9roport de Tr\u00e9vise, port de plaisance. Un vaste choix de restaurants typiques, pizzerias, pubs et boutiques est disponible aux alentours de l\u2019h\u00f4tel. Un quai priv\u00e9 pour le remisage des bateaux se trouve juste en face de l\u2019h\u00f4tel et il y aura bient\u00f4t une navette allant directement \u00e0 Venise.[\/vc_column_text][\/vc_column][vc_column width=\u00a0\u00bb1\/3&Prime;][vc_single_image image=\u00a0\u00bb283&Prime; img_size=\u00a0\u00bb365&#215;270&Prime; alignment=\u00a0\u00bbright\u00a0\u00bb onclick=\u00a0\u00bblink_image\u00a0\u00bb][\/vc_column][\/vc_row]<\/p>\n","protected":false},"excerpt":{"rendered":"<p>[vc_row full_width=\u00a0\u00bbstretch_row_content\u00a0\u00bb][vc_column][rev_slider_vc alias=\u00a0\u00bbslider-home-fr\u00a0\u00bb][\/vc_column][\/vc_row][vc_row css=\u00a0\u00bb.vc_custom_1495041316596{padding-top: 40px !important;padding-bottom: 40px !important;}\u00a0\u00bb][vc_column width=\u00a0\u00bb2\/3&Prime;][vc_column_text] Bienvenus! [\/vc_column_text][vc_empty_space][vc_column_text]L&rsquo;h\u00f4tel, r\u00e9nov\u00e9 en 2014, plonge ses racines dans la tradition et se renouvelle constamment. Nous sommes \u00e0 Mestre, \u00e0 1 km de la place principale, bien desservis par les transports en commun dans toutes les directions\u00a0: Venise, gare ferroviaire, gare routi\u00e8re, a\u00e9roport Marco Polo et [&hellip;]<\/p>\n","protected":false},"author":1,"featured_media":0,"parent":0,"menu_order":0,"comment_status":"closed","ping_status":"closed","template":"","meta":[],"_links":{"self":[{"href":"https:\/\/www.hotelsangiuliano.com\/fr\/wp-json\/wp\/v2\/pages\/417"}],"collection":[{"href":"https:\/\/www.hotelsangiuliano.com\/fr\/wp-json\/wp\/v2\/pages"}],"about":[{"href":"https:\/\/www.hotelsangiuliano.com\/fr\/wp-json\/wp\/v2\/types\/page"}],"author":[{"embeddable":true,"href":"https:\/\/www.hotelsangiuliano.com\/fr\/wp-json\/wp\/v2\/users\/1"}],"replies":[{"embeddable":true,"href":"https:\/\/www.hotelsangiuliano.com\/fr\/wp-json\/wp\/v2\/comments?post=417"}],"version-history":[{"count":3,"href":"https:\/\/www.hotelsangiuliano.com\/fr\/wp-json\/wp\/v2\/pages\/417\/revisions"}],"predecessor-version":[{"id":464,"href":"https:\/\/www.hotelsangiuliano.com\/fr\/wp-json\/wp\/v2\/pages\/417\/revisions\/464"}],"wp:attachment":[{"href":"https:\/\/www.hotelsangiuliano.com\/fr\/wp-json\/wp\/v2\/media?parent=417"}],"curies":[{"name":"wp","href":"https:\/\/api.w.org\/{rel}","templated":true}]}}