{"id":498,"date":"2017-12-15T11:57:45","date_gmt":"2017-12-15T10:57:45","guid":{"rendered":"http:\/\/www.hotelsangiuliano.com\/habitaciones\/"},"modified":"2017-12-15T11:57:46","modified_gmt":"2017-12-15T10:57:46","slug":"habitaciones","status":"publish","type":"page","link":"https:\/\/www.hotelsangiuliano.com\/es\/habitaciones\/","title":{"rendered":"Habitaciones"},"content":{"rendered":"<p>[vc_row][vc_column][vc_column_text]Las categor\u00edas de las habitaciones son economy y elegance. Todas las habitaciones elegance fueron restauradas y cuentan con ba\u00f1os nuevos y una decoraci\u00f3n de estilo moderno minimalista. Las habitaciones economy todav\u00eda deben ser renovadas, y disponen de un mobiliario y ba\u00f1os en estilo a\u00f1os 80, pero son igualmente funcionales y acogedoras.[\/vc_column_text][vc_empty_space][vc_row_inner][vc_column_inner width=\u00bb1\/3&#8243;][vc_gallery type=\u00bbnivo\u00bb interval=\u00bb0&#8243; images=\u00bb84,92,90,91&#8243; img_size=\u00bb350&#215;230&#8243;][vc_column_text]<\/p>\n<p style=\"text-align: center;\"><strong>HABITACI\u00d3N SIMPLE<\/strong><\/p>\n<p style=\"text-align: center;\"> la habitaci\u00f3n simple dispone de una cama individual o queen size bajo demanda y seg\u00fan la disponibilidad, armario, escritorio y sill\u00f3n, ba\u00f1o con ducha y secador de pelo, ventana que se asoma al aparcamiento.<\/p>\n<p>[\/vc_column_text][vc_empty_space height=\u00bb40px\u00bb][\/vc_column_inner][vc_column_inner width=\u00bb1\/3&#8243;][vc_gallery type=\u00bbnivo\u00bb interval=\u00bb0&#8243; images=\u00bb81,82,96,381,382&#8243; img_size=\u00bb350&#215;230&#8243;][vc_column_text]<\/p>\n<p style=\"text-align: center;\"><strong>HABITACI\u00d3N DOBLE O MATRIMONIAL ECONOMY<\/strong><\/p>\n<p style=\"text-align: center;\">la habitaci\u00f3n est\u00e1 decorada en estilo a\u00f1os 80, dispone de una cama de matrimonio o dos camas individuales (seleccionar la opci\u00f3n al momento de la reserva), armario, escritorio y silla, portamaletas, ba\u00f1o con ducha y secador de pelo, ventana que se asoma a la parte de atr\u00e1s del hotel o al aparcamiento.<\/p>\n<p>[\/vc_column_text][vc_empty_space height=\u00bb40px\u00bb][\/vc_column_inner][vc_column_inner width=\u00bb1\/3&#8243;][vc_gallery type=\u00bbnivo\u00bb interval=\u00bb0&#8243; images=\u00bb76,78,79,98,99,102&#8243; img_size=\u00bb350&#215;230&#8243;][vc_column_text]<\/p>\n<p style=\"text-align: center;\"><strong>HABITACI\u00d3N DOBLE O MATRIMONIAL ELEGANCE<\/strong><\/p>\n<p style=\"text-align: center;\"> la habitaci\u00f3n est\u00e1 decorada en estilo moderno minimalista, dispone de una cama de matrimonio o dos camas separadas (seleccionar la opci\u00f3n al momento de la reserva), armario, escritorio y silla, portamaletas, ba\u00f1o con ducha y secador de pelo, ventana que se asoma a la parte delantera con vista canal o al costado y\/o a la parte de atr\u00e1s (seg\u00fan demanda y disponibilidad). <\/p>\n<p>[\/vc_column_text][vc_empty_space height=\u00bb40px\u00bb][\/vc_column_inner][\/vc_row_inner][vc_row_inner][vc_column_inner width=\u00bb1\/3&#8243;][vc_gallery type=\u00bbnivo\u00bb interval=\u00bb0&#8243; images=\u00bb32,95,94&#8243; img_size=\u00bb350&#215;230&#8243;][vc_column_text]<\/p>\n<p style=\"text-align: center;\"><strong>HABITACI\u00d3N TRIPLE ECONOMY<\/strong><\/p>\n<p style=\"text-align: center;\">la habitaci\u00f3n est\u00e1 decorada en estilo a\u00f1os 80, dispone de una cama de matrimonio y una cama individual o bien de tres camas separadas (seleccionar la opci\u00f3n al momento de la reserva), armario, escritorio y silla, portamaletas, ba\u00f1o con ducha y secador de pelo, ventana que se asoma a la parte de atr\u00e1s o al aparcamiento.<\/p>\n<p>[\/vc_column_text][vc_empty_space height=\u00bb40px\u00bb][\/vc_column_inner][vc_column_inner width=\u00bb1\/3&#8243;][vc_gallery type=\u00bbnivo\u00bb interval=\u00bb0&#8243; images=\u00bb88,89,383&#8243; img_size=\u00bb350&#215;230&#8243;][vc_column_text]<\/p>\n<p style=\"text-align: center;\"><strong>HABITACI\u00d3N TRIPLE ELEGANCE<\/strong><\/p>\n<p style=\"text-align: center;\"> la habitaci\u00f3n est\u00e1 decorada en estilo moderno minimalista, dispone de una cama de matrimonio y una cama individual o bien de tres camas separadas (seleccionar la opci\u00f3n al momento de la reserva), armario, escritorio y silla, portamaletas, ba\u00f1o con ducha y secador de pelo, ventana que se asoma al costado y\/o a la parte de atr\u00e1s (seg\u00fan demanda y disponibilidad).<\/p>\n<p>[\/vc_column_text][vc_empty_space height=\u00bb40px\u00bb][\/vc_column_inner][vc_column_inner width=\u00bb1\/3&#8243;][vc_gallery type=\u00bbnivo\u00bb interval=\u00bb0&#8243; images=\u00bb23,24,25,29&#8243; img_size=\u00bb350&#215;230&#8243;][vc_column_text]<\/p>\n<p style=\"text-align: center;\"><strong>HABITACI\u00d3N CU\u00c1DRUPLE ELEGANCE<\/strong><\/p>\n<p style=\"text-align: center;\"> la habitaci\u00f3n est\u00e1 decorada en estilo moderno minimalista, dispone de una cama de matrimonio y dos camas individuales o bien de dos camas de matrimonio o cuatro camas separadas (seleccionar la opci\u00f3n al momento de la reserva), armario, escritorio y silla, portamaletas, ba\u00f1o con ducha y secador de pelo, ventana que se asoma a la calle. <\/p>\n<p>[\/vc_column_text][vc_empty_space height=\u00bb40px\u00bb][\/vc_column_inner][\/vc_row_inner][vc_row_inner css=\u00bb.vc_custom_1512475201396{padding-top: 60px !important;padding-right: 40px !important;padding-bottom: 60px !important;padding-left: 40px !important;background: #ededed url(https:\/\/www.hotelsangiuliano.com\/wp-content\/uploads\/2017\/05\/gplaypattern.png?id=378) !important;}\u00bb][vc_column_inner][vc_column_text]<\/p>\n<h3 style=\"text-align: center;\">Servizi delle Camere<\/h3>\n<p style=\"text-align: center;\">Non fumatori\/fumatori<br \/>\nTelefono diretto<br \/>\nTV Sat<br \/>\nServizio custodia valori<br \/>\nAria condizionata e riscaldamento<br \/>\nDoccia<br \/>\nAsciugacapelli<\/p>\n<p>[\/vc_column_text][\/vc_column_inner][\/vc_row_inner][\/vc_column][\/vc_row]<\/p>\n","protected":false},"excerpt":{"rendered":"<p>[vc_row][vc_column][vc_column_text]Las categor\u00edas de las habitaciones son economy y elegance. Todas las habitaciones elegance fueron restauradas y cuentan con ba\u00f1os nuevos y una decoraci\u00f3n de estilo moderno minimalista. Las habitaciones economy todav\u00eda deben ser renovadas, y disponen de un mobiliario y ba\u00f1os en estilo a\u00f1os 80, pero son igualmente funcionales y acogedoras.[\/vc_column_text][vc_empty_space][vc_row_inner][vc_column_inner width=\u00bb1\/3&#8243;][vc_gallery type=\u00bbnivo\u00bb interval=\u00bb0&#8243; images=\u00bb84,92,90,91&#8243; [&hellip;]<\/p>\n","protected":false},"author":1,"featured_media":0,"parent":0,"menu_order":0,"comment_status":"closed","ping_status":"closed","template":"","meta":[],"_links":{"self":[{"href":"https:\/\/www.hotelsangiuliano.com\/es\/wp-json\/wp\/v2\/pages\/498"}],"collection":[{"href":"https:\/\/www.hotelsangiuliano.com\/es\/wp-json\/wp\/v2\/pages"}],"about":[{"href":"https:\/\/www.hotelsangiuliano.com\/es\/wp-json\/wp\/v2\/types\/page"}],"author":[{"embeddable":true,"href":"https:\/\/www.hotelsangiuliano.com\/es\/wp-json\/wp\/v2\/users\/1"}],"replies":[{"embeddable":true,"href":"https:\/\/www.hotelsangiuliano.com\/es\/wp-json\/wp\/v2\/comments?post=498"}],"version-history":[{"count":7,"href":"https:\/\/www.hotelsangiuliano.com\/es\/wp-json\/wp\/v2\/pages\/498\/revisions"}],"predecessor-version":[{"id":505,"href":"https:\/\/www.hotelsangiuliano.com\/es\/wp-json\/wp\/v2\/pages\/498\/revisions\/505"}],"wp:attachment":[{"href":"https:\/\/www.hotelsangiuliano.com\/es\/wp-json\/wp\/v2\/media?parent=498"}],"curies":[{"name":"wp","href":"https:\/\/api.w.org\/{rel}","templated":true}]}}