{"id":457,"date":"2017-12-06T13:09:19","date_gmt":"2017-12-06T12:09:19","guid":{"rendered":"http:\/\/www.hotelsangiuliano.com\/info\/"},"modified":"2025-05-21T16:50:12","modified_gmt":"2025-05-21T14:50:12","slug":"info","status":"publish","type":"page","link":"https:\/\/www.hotelsangiuliano.com\/es\/info\/","title":{"rendered":"Info"},"content":{"rendered":"<p>[vc_row][vc_column width=\u00bb2\/3&#8243;][vc_column_text]<\/p>\n<h3>LLEGADA \/ SALIDA<\/h3>\n<p>El horario de entrada es a partir de las 14.00. A los clientes que llegan antes damos la posibilidad de depositar gratuitamente el equipaje para regresar m\u00e1s tarde y entregarles las llaves de la habitaci\u00f3n. Si hubiera habitaciones disponibles ya antes de las 14.00, el cliente podr\u00e1 ocuparlas sin recargo alguno.<br \/>\nEl horario de salida es a las 11.00. El d\u00eda de la partida los clientes pueden depositar gratuitamente el equipaje y retirarlo a la tarde o a la noche.<\/h3>\n<p>Impuesto de estad\u00eda tur\u00edstica: \u20ac 2,40 por d\u00eda por persona. Informaci\u00f3n: www.comune.venezia.it[\/vc_column_text][vc_separator css=\u00bb.vc_custom_1511800529013{margin-top: 30px !important;margin-bottom: 30px !important;}\u00bb][vc_column_text]<\/p>\n<h3>APARCAMIENTO<\/h3>\n<p>Nuestro hotel dispone de un peque\u00f1o aparcamiento con aproximadamente 10 plazas no reservables. A su llegada podr\u00e1 utilizarlo gratuitamente, sujeto a disponibilidad, preguntando al personal de recepci\u00f3n que le indicar\u00e1 d\u00f3nde puede dejar su coche.<\/p>\n<p>Los aparcamientos p\u00fablicos situados a lo largo de la calle (l\u00edneas azules) son gratuitos de 20:00 a 08:00 todos los d\u00edas, domingos y festivos.[\/vc_column_text][\/vc_column][vc_column width=\u00bb1\/3&#8243;][vc_row_inner css=\u00bb.vc_custom_1495041955321{padding-top: 50px !important;padding-right: 40px !important;padding-bottom: 50px !important;padding-left: 40px !important;background-color: #ededed !important;}\u00bb][vc_column_inner][vc_column_text]<\/p>\n<h3 style=\"text-align: center;\">OTROS SERVICIOS<\/h3>\n<p style=\"text-align: center;\">wi-fi gratuito<br \/>\ntv lcd (canales italianos)<br \/>\nba\u00f1o con ducha y secador de pelo<br \/>\ncalefacci\u00f3n aut\u00f3noma<br \/>\naire acondicionado<br \/>\nbar abierto las 24 horas<br \/>\nrecepci\u00f3n abierta las 24 horas<br \/>\ndesayuno americano de las 07.00 a las 10.00<br \/>\ndesayuno anticipado al bar (bajo demanda)<br \/>\nventa de boletos para medios p\u00fablicos Actv<\/p>\n<p>[\/vc_column_text][\/vc_column_inner][\/vc_row_inner][\/vc_column][\/vc_row][vc_row][vc_column][vc_media_grid element_width=\u00bb3&#8243; grid_id=\u00bbvc_gid:1747838922143-765f86f1-1322-1&#8243; include=\u00bb302,301,300,299&#8243; css=\u00bb.vc_custom_1495120309490{padding-top: 50px !important;padding-bottom: 50px !important;}\u00bb][\/vc_column][\/vc_row]<\/p>\n","protected":false},"excerpt":{"rendered":"<p>[vc_row][vc_column width=\u00bb2\/3&#8243;][vc_column_text] LLEGADA \/ SALIDA El horario de entrada es a partir de las 14.00. A los clientes que llegan antes damos la posibilidad de depositar gratuitamente el equipaje para regresar m\u00e1s tarde y entregarles las llaves de la habitaci\u00f3n. Si hubiera habitaciones disponibles ya antes de las 14.00, el cliente podr\u00e1 ocuparlas sin recargo [&hellip;]<\/p>\n","protected":false},"author":1,"featured_media":0,"parent":0,"menu_order":0,"comment_status":"closed","ping_status":"closed","template":"","meta":[],"_links":{"self":[{"href":"https:\/\/www.hotelsangiuliano.com\/es\/wp-json\/wp\/v2\/pages\/457"}],"collection":[{"href":"https:\/\/www.hotelsangiuliano.com\/es\/wp-json\/wp\/v2\/pages"}],"about":[{"href":"https:\/\/www.hotelsangiuliano.com\/es\/wp-json\/wp\/v2\/types\/page"}],"author":[{"embeddable":true,"href":"https:\/\/www.hotelsangiuliano.com\/es\/wp-json\/wp\/v2\/users\/1"}],"replies":[{"embeddable":true,"href":"https:\/\/www.hotelsangiuliano.com\/es\/wp-json\/wp\/v2\/comments?post=457"}],"version-history":[{"count":5,"href":"https:\/\/www.hotelsangiuliano.com\/es\/wp-json\/wp\/v2\/pages\/457\/revisions"}],"predecessor-version":[{"id":2055,"href":"https:\/\/www.hotelsangiuliano.com\/es\/wp-json\/wp\/v2\/pages\/457\/revisions\/2055"}],"wp:attachment":[{"href":"https:\/\/www.hotelsangiuliano.com\/es\/wp-json\/wp\/v2\/media?parent=457"}],"curies":[{"name":"wp","href":"https:\/\/api.w.org\/{rel}","templated":true}]}}