{"id":454,"date":"2017-12-06T13:05:14","date_gmt":"2017-12-06T12:05:14","guid":{"rendered":"http:\/\/www.hotelsangiuliano.com\/home\/"},"modified":"2017-12-06T15:51:55","modified_gmt":"2017-12-06T14:51:55","slug":"home","status":"publish","type":"page","link":"https:\/\/www.hotelsangiuliano.com\/es\/","title":{"rendered":"Home"},"content":{"rendered":"<p>[vc_row full_width=\u00bbstretch_row_content\u00bb][vc_column][rev_slider_vc alias=\u00bbslider-home-es\u00bb][\/vc_column][\/vc_row][vc_row css=\u00bb.vc_custom_1495041316596{padding-top: 40px !important;padding-bottom: 40px !important;}\u00bb][vc_column width=\u00bb2\/3&#8243;][vc_column_text]<\/p>\n<h2>Bienvenidos!<\/h2>\n<p>[\/vc_column_text][vc_empty_space][vc_column_text]El hotel, de arraigada tradici\u00f3n, fue remodernado en 2014 y se renueva constantemente. Nos encontramos a 1 km de la plaza principal de Mestre, y desde aqu\u00ed podemos tomar c\u00f3modamente los medios p\u00fablicos hacia cualquier direcci\u00f3n: la ciudad de Venecia, la estaci\u00f3n de trenes y de \u00f3mnibus, los aeropuertos de Venecia o Treviso, el puerto tur\u00edstico. Cerca del hotel se encuentra una zona con restaurantes, pizzer\u00edas, helader\u00edas y tiendas varias. Frente a nuestro hotel surge una d\u00e1rsena privada para las embarcaciones y a breve se implementar\u00e1 un servicio de transporte directo hacia Venecia.[\/vc_column_text][\/vc_column][vc_column width=\u00bb1\/3&#8243;][vc_single_image image=\u00bb283&#8243; img_size=\u00bb365&#215;270&#8243; alignment=\u00bbright\u00bb onclick=\u00bblink_image\u00bb][\/vc_column][\/vc_row]<\/p>\n","protected":false},"excerpt":{"rendered":"<p>[vc_row full_width=\u00bbstretch_row_content\u00bb][vc_column][rev_slider_vc alias=\u00bbslider-home-es\u00bb][\/vc_column][\/vc_row][vc_row css=\u00bb.vc_custom_1495041316596{padding-top: 40px !important;padding-bottom: 40px !important;}\u00bb][vc_column width=\u00bb2\/3&#8243;][vc_column_text] Bienvenidos! [\/vc_column_text][vc_empty_space][vc_column_text]El hotel, de arraigada tradici\u00f3n, fue remodernado en 2014 y se renueva constantemente. Nos encontramos a 1 km de la plaza principal de Mestre, y desde aqu\u00ed podemos tomar c\u00f3modamente los medios p\u00fablicos hacia cualquier direcci\u00f3n: la ciudad de Venecia, la estaci\u00f3n de trenes y [&hellip;]<\/p>\n","protected":false},"author":1,"featured_media":0,"parent":0,"menu_order":0,"comment_status":"closed","ping_status":"closed","template":"","meta":[],"_links":{"self":[{"href":"https:\/\/www.hotelsangiuliano.com\/es\/wp-json\/wp\/v2\/pages\/454"}],"collection":[{"href":"https:\/\/www.hotelsangiuliano.com\/es\/wp-json\/wp\/v2\/pages"}],"about":[{"href":"https:\/\/www.hotelsangiuliano.com\/es\/wp-json\/wp\/v2\/types\/page"}],"author":[{"embeddable":true,"href":"https:\/\/www.hotelsangiuliano.com\/es\/wp-json\/wp\/v2\/users\/1"}],"replies":[{"embeddable":true,"href":"https:\/\/www.hotelsangiuliano.com\/es\/wp-json\/wp\/v2\/comments?post=454"}],"version-history":[{"count":3,"href":"https:\/\/www.hotelsangiuliano.com\/es\/wp-json\/wp\/v2\/pages\/454\/revisions"}],"predecessor-version":[{"id":461,"href":"https:\/\/www.hotelsangiuliano.com\/es\/wp-json\/wp\/v2\/pages\/454\/revisions\/461"}],"wp:attachment":[{"href":"https:\/\/www.hotelsangiuliano.com\/es\/wp-json\/wp\/v2\/media?parent=454"}],"curies":[{"name":"wp","href":"https:\/\/api.w.org\/{rel}","templated":true}]}}