{"id":429,"date":"2017-12-06T12:41:33","date_gmt":"2017-12-06T11:41:33","guid":{"rendered":"http:\/\/www.hotelsangiuliano.com\/ofertas\/"},"modified":"2017-12-06T12:41:34","modified_gmt":"2017-12-06T11:41:34","slug":"ofertas","status":"publish","type":"page","link":"https:\/\/www.hotelsangiuliano.com\/es\/ofertas\/","title":{"rendered":"Ofertas"},"content":{"rendered":"<p>[vc_row][vc_column][vc_column_text]<\/p>\n<h3>\u00a1Por el momento no hay ofertas especiales activas!<\/h3>\n<p>Cont\u00e1ctanos para m\u00e1s informaci\u00f3n[\/vc_column_text][\/vc_column][\/vc_row]<\/p>\n","protected":false},"excerpt":{"rendered":"<p>[vc_row][vc_column][vc_column_text] \u00a1Por el momento no hay ofertas especiales activas! Cont\u00e1ctanos para m\u00e1s informaci\u00f3n[\/vc_column_text][\/vc_column][\/vc_row]<\/p>\n","protected":false},"author":1,"featured_media":0,"parent":0,"menu_order":0,"comment_status":"closed","ping_status":"closed","template":"","meta":[],"_links":{"self":[{"href":"https:\/\/www.hotelsangiuliano.com\/es\/wp-json\/wp\/v2\/pages\/429"}],"collection":[{"href":"https:\/\/www.hotelsangiuliano.com\/es\/wp-json\/wp\/v2\/pages"}],"about":[{"href":"https:\/\/www.hotelsangiuliano.com\/es\/wp-json\/wp\/v2\/types\/page"}],"author":[{"embeddable":true,"href":"https:\/\/www.hotelsangiuliano.com\/es\/wp-json\/wp\/v2\/users\/1"}],"replies":[{"embeddable":true,"href":"https:\/\/www.hotelsangiuliano.com\/es\/wp-json\/wp\/v2\/comments?post=429"}],"version-history":[{"count":1,"href":"https:\/\/www.hotelsangiuliano.com\/es\/wp-json\/wp\/v2\/pages\/429\/revisions"}],"predecessor-version":[{"id":430,"href":"https:\/\/www.hotelsangiuliano.com\/es\/wp-json\/wp\/v2\/pages\/429\/revisions\/430"}],"wp:attachment":[{"href":"https:\/\/www.hotelsangiuliano.com\/es\/wp-json\/wp\/v2\/media?parent=429"}],"curies":[{"name":"wp","href":"https:\/\/api.w.org\/{rel}","templated":true}]}}