{"id":435,"date":"2017-12-06T12:43:51","date_gmt":"2017-12-06T11:43:51","guid":{"rendered":"http:\/\/www.hotelsangiuliano.com\/home\/"},"modified":"2017-12-06T15:52:54","modified_gmt":"2017-12-06T14:52:54","slug":"home","status":"publish","type":"page","link":"https:\/\/www.hotelsangiuliano.com\/de\/","title":{"rendered":"Home"},"content":{"rendered":"<p>[vc_row full_width=&#8220;stretch_row_content&#8220;][vc_column][rev_slider_vc alias=&#8220;slider-home-de&#8220;][\/vc_column][\/vc_row][vc_row css=&#8220;.vc_custom_1495041316596{padding-top: 40px !important;padding-bottom: 40px !important;}&#8220;][vc_column width=&#8220;2\/3&#8243;][vc_column_text]<\/p>\n<h2>Willkommen!<\/h2>\n<p>[\/vc_column_text][vc_empty_space][vc_column_text]Unser Hotel hat eine lange Tradition, wurde aber im Jahr 2014 umgebaut und wird kontinuierlich renoviert. Wir befinden uns in Mestre etwa 1 km vom Hauptplatz entfernt in einer vorteilhaften Lage mit Verkehrsmitteln, die Sie in alle Richtungen bringen: Nach Venedig, zum Bahnhof, zum Busbahnhof, zum Flughafen Marco Polo oder nach Treviso und zum Hafen. In der N\u00e4he des Hotels finden Sie Restaurants, Pizzerien, Eisdielen und verschiedene Gesch\u00e4fte. Gegen\u00fcber dem Hotel gibt es einen Privathafen, in dem Boote liegen, und demn\u00e4chst wird ein Pendelbus direkt nach Venedig fahren.[\/vc_column_text][\/vc_column][vc_column width=&#8220;1\/3&#8243;][vc_single_image image=&#8220;283&#8243; img_size=&#8220;365&#215;270&#8243; alignment=&#8220;right&#8220; onclick=&#8220;link_image&#8220;][\/vc_column][\/vc_row]<\/p>\n","protected":false},"excerpt":{"rendered":"<p>[vc_row full_width=&#8220;stretch_row_content&#8220;][vc_column][rev_slider_vc alias=&#8220;slider-home-de&#8220;][\/vc_column][\/vc_row][vc_row css=&#8220;.vc_custom_1495041316596{padding-top: 40px !important;padding-bottom: 40px !important;}&#8220;][vc_column width=&#8220;2\/3&#8243;][vc_column_text] Willkommen! [\/vc_column_text][vc_empty_space][vc_column_text]Unser Hotel hat eine lange Tradition, wurde aber im Jahr 2014 umgebaut und wird kontinuierlich renoviert. Wir befinden uns in Mestre etwa 1 km vom Hauptplatz entfernt in einer vorteilhaften Lage mit Verkehrsmitteln, die Sie in alle Richtungen bringen: Nach Venedig, zum Bahnhof, zum Busbahnhof, [&hellip;]<\/p>\n","protected":false},"author":1,"featured_media":0,"parent":0,"menu_order":0,"comment_status":"closed","ping_status":"closed","template":"","meta":[],"_links":{"self":[{"href":"https:\/\/www.hotelsangiuliano.com\/de\/wp-json\/wp\/v2\/pages\/435"}],"collection":[{"href":"https:\/\/www.hotelsangiuliano.com\/de\/wp-json\/wp\/v2\/pages"}],"about":[{"href":"https:\/\/www.hotelsangiuliano.com\/de\/wp-json\/wp\/v2\/types\/page"}],"author":[{"embeddable":true,"href":"https:\/\/www.hotelsangiuliano.com\/de\/wp-json\/wp\/v2\/users\/1"}],"replies":[{"embeddable":true,"href":"https:\/\/www.hotelsangiuliano.com\/de\/wp-json\/wp\/v2\/comments?post=435"}],"version-history":[{"count":3,"href":"https:\/\/www.hotelsangiuliano.com\/de\/wp-json\/wp\/v2\/pages\/435\/revisions"}],"predecessor-version":[{"id":463,"href":"https:\/\/www.hotelsangiuliano.com\/de\/wp-json\/wp\/v2\/pages\/435\/revisions\/463"}],"wp:attachment":[{"href":"https:\/\/www.hotelsangiuliano.com\/de\/wp-json\/wp\/v2\/media?parent=435"}],"curies":[{"name":"wp","href":"https:\/\/api.w.org\/{rel}","templated":true}]}}