{"id":431,"date":"2017-12-06T12:43:07","date_gmt":"2017-12-06T11:43:07","guid":{"rendered":"http:\/\/www.hotelsangiuliano.com\/info\/"},"modified":"2025-05-21T16:46:38","modified_gmt":"2025-05-21T14:46:38","slug":"info","status":"publish","type":"page","link":"https:\/\/www.hotelsangiuliano.com\/de\/info\/","title":{"rendered":"Info"},"content":{"rendered":"<p>[vc_row][vc_column width=&#8220;2\/3&#8243;][vc_column_text]<\/p>\n<h3>CHECK-IN \/ CHECK-OUT<\/h3>\n<p>Der Check-in ist ab 14.00 Uhr vorgesehen. Falls Sie fr\u00fcher ankommen, k\u00f6nnen Sie Ihr Gep\u00e4ck gerne kostenlos abstellen und dann sp\u00e4ter wieder ins Hotel zur\u00fcckkommen, um Ihren Zimmerschl\u00fcssel an sich zu nehmen. Soweit Ihr Zimmer bereits vor 14.00 Uhr zur Verf\u00fcgung stehen sollte, k\u00f6nnen Sie es selbstverst\u00e4ndlich gerne ohne Aufpreis vorzeitig beziehen.<br \/>\nDer Check-out ist bis 11.00 Uhr m\u00f6glich. Sie k\u00f6nnen Ihr Gep\u00e4ck am Abreisetag aber gerne bei uns abstellen und es dann am Nachmittag oder Abend abholen.<\/p>\n<p>Venice Tourist Tax \u2013 \u20ac 2.40 je Person info: www.comune.venezia.it[\/vc_column_text][vc_separator css=&#8220;.vc_custom_1511800529013{margin-top: 30px !important;margin-bottom: 30px !important;}&#8220;][vc_column_text]<\/p>\n<h3>PARKPLATZ<\/h3>\n<p>Unser Hotel verf\u00fcgt \u00fcber einen kleinen Parkplatz mit etwa 10 nicht buchbaren Stellpl\u00e4tzen. Bei Ihrer Ankunft k\u00f6nnen Sie ihn je nach Verf\u00fcgbarkeit kostenlos nutzen, indem Sie das Personal an der Rezeption fragen, das Ihnen zeigen wird, wo Sie Ihr Auto abstellen k\u00f6nnen.<\/p>\n<p>Die \u00f6ffentlichen Parkpl\u00e4tze entlang der Stra\u00dfe (blaue Linien) sind t\u00e4glich von 20:00 bis 08:00 Uhr sowie an Sonn- und Feiertagen kostenlos.[\/vc_column_text][\/vc_column][vc_column width=&#8220;1\/3&#8243;][vc_row_inner css=&#8220;.vc_custom_1495041955321{padding-top: 50px !important;padding-right: 40px !important;padding-bottom: 50px !important;padding-left: 40px !important;background-color: #ededed !important;}&#8220;][vc_column_inner][vc_column_text]<\/p>\n<h3 style=\"text-align: center;\">SONSTIGE EINRICHTUNGEN<\/h3>\n<p style=\"text-align: center;\">Kostenloses WLAN-Internetverbindung<br \/>\nLCD-Fernsehger\u00e4t (italienische Kan\u00e4le)<br \/>\nBadezimmer mit Dusche und Haartrockner<br \/>\nEinzelheizung<br \/>\nKlimaanlage<br \/>\nRund um die Uhr ge\u00f6ffnete Hotelbar<br \/>\nRund um die Uhr besetzter Empfang<br \/>\nFr\u00fchst\u00fccksbuffet von 7.00 bis 10.00 Uhr<br \/>\nZeitigeres Fr\u00fchst\u00fccken ist an der Hotelbar m\u00f6glich (auf Anfrage)<br \/>\nVerkauf von Actv-Fahrscheinen f\u00fcr die \u00f6ffentlichen Verkehrsmittel<br \/>\nStadtplan von Venedig<\/p>\n<p>[\/vc_column_text][\/vc_column_inner][\/vc_row_inner][\/vc_column][\/vc_row][vc_row][vc_column][vc_media_grid element_width=&#8220;3&#8243; grid_id=&#8220;vc_gid:1747838733971-f0945d3c-be44-1&#8243; include=&#8220;302,301,300,299&#8243; css=&#8220;.vc_custom_1495120309490{padding-top: 50px !important;padding-bottom: 50px !important;}&#8220;][\/vc_column][\/vc_row]<\/p>\n","protected":false},"excerpt":{"rendered":"<p>[vc_row][vc_column width=&#8220;2\/3&#8243;][vc_column_text] CHECK-IN \/ CHECK-OUT Der Check-in ist ab 14.00 Uhr vorgesehen. Falls Sie fr\u00fcher ankommen, k\u00f6nnen Sie Ihr Gep\u00e4ck gerne kostenlos abstellen und dann sp\u00e4ter wieder ins Hotel zur\u00fcckkommen, um Ihren Zimmerschl\u00fcssel an sich zu nehmen. Soweit Ihr Zimmer bereits vor 14.00 Uhr zur Verf\u00fcgung stehen sollte, k\u00f6nnen Sie es selbstverst\u00e4ndlich gerne ohne Aufpreis [&hellip;]<\/p>\n","protected":false},"author":1,"featured_media":0,"parent":0,"menu_order":0,"comment_status":"closed","ping_status":"closed","template":"","meta":[],"_links":{"self":[{"href":"https:\/\/www.hotelsangiuliano.com\/de\/wp-json\/wp\/v2\/pages\/431"}],"collection":[{"href":"https:\/\/www.hotelsangiuliano.com\/de\/wp-json\/wp\/v2\/pages"}],"about":[{"href":"https:\/\/www.hotelsangiuliano.com\/de\/wp-json\/wp\/v2\/types\/page"}],"author":[{"embeddable":true,"href":"https:\/\/www.hotelsangiuliano.com\/de\/wp-json\/wp\/v2\/users\/1"}],"replies":[{"embeddable":true,"href":"https:\/\/www.hotelsangiuliano.com\/de\/wp-json\/wp\/v2\/comments?post=431"}],"version-history":[{"count":4,"href":"https:\/\/www.hotelsangiuliano.com\/de\/wp-json\/wp\/v2\/pages\/431\/revisions"}],"predecessor-version":[{"id":2052,"href":"https:\/\/www.hotelsangiuliano.com\/de\/wp-json\/wp\/v2\/pages\/431\/revisions\/2052"}],"wp:attachment":[{"href":"https:\/\/www.hotelsangiuliano.com\/de\/wp-json\/wp\/v2\/media?parent=431"}],"curies":[{"name":"wp","href":"https:\/\/api.w.org\/{rel}","templated":true}]}}